{"id":109,"date":"2020-08-30T13:02:15","date_gmt":"2020-08-30T13:02:15","guid":{"rendered":"http:\/\/www.louisepuggaard.dk\/?page_id=109"},"modified":"2025-11-18T16:10:27","modified_gmt":"2025-11-18T16:10:27","slug":"kontakt","status":"publish","type":"page","link":"http:\/\/www.louisepuggaard.dk\/?page_id=109","title":{"rendered":"Kontakt"},"content":{"rendered":"\n<p><strong>Telefon<\/strong>: 71903096<\/p>\n\n\n\n<p>Jeg modtager mange telefonopkald og det kan tage nogle dage at vende tilbage. Indtal venligst ingen personf\u00f8lsomme oplysninger p\u00e5 telefonsvareren. Hvis du har en henvisning fra egen l\u00e6ge, s\u00e5 kontakt mig via sikker mail (se nedenfor).<\/p>\n\n\n\n<p><strong>Mail<\/strong>: louisepuggaard@protonmail.com <\/p>\n\n\n\n<p>Protonmail er en sikker krypteret mail. Du er velkommen til at skriv en besked til mig, s\u00e5 kontakter jeg dig hurtigst muligt. Skriv gerne dit telefonnummer.<\/p>\n\n\n\n<p style=\"font-size:1px\"><strong>Klinikkens \u00e5bningstid for fremm\u00f8de er fortrnsvis <\/strong><\/p>\n\n\n\n<div class=\"wp-block-group is-layout-flow wp-block-group-is-layout-flow\"><div class=\"wp-block-group__inner-container\">\n<div class=\"wp-block-group is-vertical is-layout-flex wp-container-core-group-layout-4 wp-block-group-is-layout-flex\">\n<h2 class=\"wp-block-heading\"><strong>Klinikkens \u00e5bningstid <\/strong><\/h2>\n\n\n\n<div class=\"wp-block-group is-layout-constrained wp-block-group-is-layout-constrained\"><div class=\"wp-block-group__inner-container\">\n<div class=\"wp-block-group is-layout-constrained wp-block-group-is-layout-constrained\"><div class=\"wp-block-group__inner-container\">\n<div class=\"wp-block-group is-vertical is-layout-flex wp-container-core-group-layout-1 wp-block-group-is-layout-flex\">\n<p>Mandag    9-14.30<\/p>\n\n\n\n<p>Tirsdag     9-14.30<\/p>\n\n\n\n<p>Onsdag     9-14.30<\/p>\n\n\n\n<p>Torsdag    9-14.30<\/p>\n\n\n\n<p>Fredag      9-14.30<\/p>\n\n\n\n<p>Onlinetider er muligt uden for klinik\u00e5bningstid<\/p>\n<\/div>\n\n\n\n<p>Jeg er almindeligvis p\u00e5 Bispebjerg Torv onsdage og fredage og p\u00e5 Kiplings all\u00e9 mandage, tirsdage og fredage.<\/p>\n<\/div><\/div>\n<\/div><\/div>\n<\/div>\n<\/div><\/div>\n\n\n\n<div class=\"wp-block-columns is-layout-flex wp-container-core-columns-layout-1 wp-block-columns-is-layout-flex\">\n<div class=\"wp-block-column is-vertically-aligned-bottom is-layout-flow wp-block-column-is-layout-flow\" style=\"flex-basis:100%\">\n<h2 class=\"wp-block-heading\"><strong>Placering<\/strong><\/h2>\n<\/div>\n<\/div>\n\n\n\n<div class=\"wp-block-group is-vertical is-layout-flex wp-container-core-group-layout-6 wp-block-group-is-layout-flex\">\n<p><strong>S\u00d8BORG<\/strong><\/p>\n\n\n\n<p>Kiplings All\u00e9 42 st., 2860 S\u00f8borg. <\/p>\n\n\n\n<p>Der er skiltet &#8220;Kiplinghus&#8221; ved vejen og ved d\u00f8ren.<\/p>\n\n\n\n<p>Der er fire tidsubegr\u00e6nset og gratis parkeringspladser foran klinikken.<\/p>\n\n\n\n<p>Der er tidsubegr\u00e6nset og gratis parkering p\u00e5 Kiplings alle, og du kan ogs\u00e5 parkere p\u00e5 vejen Christianeh\u00f8j.<\/p>\n\n\n\n<p>Psykologklinikken ligger 600 meter fra Vangede st. <\/p>\n\n\n\n\n\n<p><strong>BISPEBJERG<\/strong><\/p>\n\n\n\n<p>Bispebjerg Torv 16, 2400 K\u00f8benhavn NV<\/p>\n\n\n\n<p>Parkering findes p\u00e5 torvet. Bem\u00e6rk at der er vejarbejde pt.<\/p>\n<\/div>\n\n\n\n<p><\/p>\n","protected":false},"excerpt":{"rendered":"<p>Telefon: 71903096 Jeg modtager mange telefonopkald og det kan tage nogle dage at vende tilbage. Indtal venligst ingen personf\u00f8lsomme oplysninger p\u00e5 telefonsvareren. Hvis du har en henvisning fra egen l\u00e6ge, s\u00e5 kontakt mig via sikker mail (se nedenfor). Mail: louisepuggaard@protonmail.com Protonmail er en sikker krypteret mail. Du er velkommen til at skriv en besked til &hellip; <a href=\"http:\/\/www.louisepuggaard.dk\/?page_id=109\" class=\"more-link\">L\u00e6s videre<span class=\"screen-reader-text\"> &#8220;Kontakt&#8221;<\/span><\/a><\/p>\n","protected":false},"author":1,"featured_media":0,"parent":0,"menu_order":0,"comment_status":"closed","ping_status":"closed","template":"","meta":{"footnotes":""},"yoast_head":"<!-- This site is optimized with the Yoast SEO plugin v21.5 - https:\/\/yoast.com\/wordpress\/plugins\/seo\/ -->\n<title>Kontakt - Autoriseret psykolog, ph.d. Louise Puggaard<\/title>\n<meta name=\"robots\" content=\"index, follow, max-snippet:-1, max-image-preview:large, max-video-preview:-1\" \/>\n<link rel=\"canonical\" href=\"http:\/\/www.louisepuggaard.dk\/?page_id=109\" \/>\n<meta property=\"og:locale\" content=\"da_DK\" \/>\n<meta property=\"og:type\" content=\"article\" \/>\n<meta property=\"og:title\" content=\"Kontakt - Autoriseret psykolog, ph.d. Louise Puggaard\" \/>\n<meta property=\"og:description\" content=\"Telefon: 71903096 Jeg modtager mange telefonopkald og det kan tage nogle dage at vende tilbage. Indtal venligst ingen personf\u00f8lsomme oplysninger p\u00e5 telefonsvareren. Hvis du har en henvisning fra egen l\u00e6ge, s\u00e5 kontakt mig via sikker mail (se nedenfor). Mail: louisepuggaard@protonmail.com Protonmail er en sikker krypteret mail. Du er velkommen til at skriv en besked til &hellip; L\u00e6s videre &quot;Kontakt&quot;\" \/>\n<meta property=\"og:url\" content=\"http:\/\/www.louisepuggaard.dk\/?page_id=109\" \/>\n<meta property=\"og:site_name\" content=\"Autoriseret psykolog, ph.d. Louise Puggaard\" \/>\n<meta property=\"article:modified_time\" content=\"2025-11-18T16:10:27+00:00\" \/>\n<meta name=\"twitter:card\" content=\"summary_large_image\" \/>\n<meta name=\"twitter:label1\" content=\"Estimeret l\u00e6setid\" \/>\n\t<meta name=\"twitter:data1\" content=\"1 minut\" \/>\n<script type=\"application\/ld+json\" class=\"yoast-schema-graph\">{\"@context\":\"https:\/\/schema.org\",\"@graph\":[{\"@type\":\"WebPage\",\"@id\":\"http:\/\/www.louisepuggaard.dk\/?page_id=109\",\"url\":\"http:\/\/www.louisepuggaard.dk\/?page_id=109\",\"name\":\"Kontakt - Autoriseret psykolog, ph.d. Louise Puggaard\",\"isPartOf\":{\"@id\":\"https:\/\/www.louisepuggaard.dk\/#website\"},\"datePublished\":\"2020-08-30T13:02:15+00:00\",\"dateModified\":\"2025-11-18T16:10:27+00:00\",\"breadcrumb\":{\"@id\":\"http:\/\/www.louisepuggaard.dk\/?page_id=109#breadcrumb\"},\"inLanguage\":\"da-DK\",\"potentialAction\":[{\"@type\":\"ReadAction\",\"target\":[\"http:\/\/www.louisepuggaard.dk\/?page_id=109\"]}]},{\"@type\":\"BreadcrumbList\",\"@id\":\"http:\/\/www.louisepuggaard.dk\/?page_id=109#breadcrumb\",\"itemListElement\":[{\"@type\":\"ListItem\",\"position\":1,\"name\":\"Hjem\",\"item\":\"https:\/\/www.louisepuggaard.dk\/\"},{\"@type\":\"ListItem\",\"position\":2,\"name\":\"Kontakt\"}]},{\"@type\":\"WebSite\",\"@id\":\"https:\/\/www.louisepuggaard.dk\/#website\",\"url\":\"https:\/\/www.louisepuggaard.dk\/\",\"name\":\"Autoriseret psykolog, ph.d. Louise Puggaard\",\"description\":\"Erhvervspsykologisk konsultation og terapi i S&oslash;borg\",\"publisher\":{\"@id\":\"https:\/\/www.louisepuggaard.dk\/#organization\"},\"potentialAction\":[{\"@type\":\"SearchAction\",\"target\":{\"@type\":\"EntryPoint\",\"urlTemplate\":\"https:\/\/www.louisepuggaard.dk\/?s={search_term_string}\"},\"query-input\":\"required name=search_term_string\"}],\"inLanguage\":\"da-DK\"},{\"@type\":\"Organization\",\"@id\":\"https:\/\/www.louisepuggaard.dk\/#organization\",\"name\":\"Autoriseret psykolog, ph.d. Louise Puggaard\",\"url\":\"https:\/\/www.louisepuggaard.dk\/\",\"logo\":{\"@type\":\"ImageObject\",\"inLanguage\":\"da-DK\",\"@id\":\"https:\/\/www.louisepuggaard.dk\/#\/schema\/logo\/image\/\",\"url\":\"http:\/\/www.louisepuggaard.dk\/wp-content\/uploads\/2023\/09\/cropped-cropped-Louise-foto-edited.png\",\"contentUrl\":\"http:\/\/www.louisepuggaard.dk\/wp-content\/uploads\/2023\/09\/cropped-cropped-Louise-foto-edited.png\",\"width\":240,\"height\":306,\"caption\":\"Autoriseret psykolog, ph.d. Louise Puggaard\"},\"image\":{\"@id\":\"https:\/\/www.louisepuggaard.dk\/#\/schema\/logo\/image\/\"}}]}<\/script>\n<!-- \/ Yoast SEO plugin. -->","yoast_head_json":{"title":"Kontakt - Autoriseret psykolog, ph.d. Louise Puggaard","robots":{"index":"index","follow":"follow","max-snippet":"max-snippet:-1","max-image-preview":"max-image-preview:large","max-video-preview":"max-video-preview:-1"},"canonical":"http:\/\/www.louisepuggaard.dk\/?page_id=109","og_locale":"da_DK","og_type":"article","og_title":"Kontakt - Autoriseret psykolog, ph.d. Louise Puggaard","og_description":"Telefon: 71903096 Jeg modtager mange telefonopkald og det kan tage nogle dage at vende tilbage. Indtal venligst ingen personf\u00f8lsomme oplysninger p\u00e5 telefonsvareren. Hvis du har en henvisning fra egen l\u00e6ge, s\u00e5 kontakt mig via sikker mail (se nedenfor). Mail: louisepuggaard@protonmail.com Protonmail er en sikker krypteret mail. Du er velkommen til at skriv en besked til &hellip; L\u00e6s videre \"Kontakt\"","og_url":"http:\/\/www.louisepuggaard.dk\/?page_id=109","og_site_name":"Autoriseret psykolog, ph.d. Louise Puggaard","article_modified_time":"2025-11-18T16:10:27+00:00","twitter_card":"summary_large_image","twitter_misc":{"Estimeret l\u00e6setid":"1 minut"},"schema":{"@context":"https:\/\/schema.org","@graph":[{"@type":"WebPage","@id":"http:\/\/www.louisepuggaard.dk\/?page_id=109","url":"http:\/\/www.louisepuggaard.dk\/?page_id=109","name":"Kontakt - Autoriseret psykolog, ph.d. Louise Puggaard","isPartOf":{"@id":"https:\/\/www.louisepuggaard.dk\/#website"},"datePublished":"2020-08-30T13:02:15+00:00","dateModified":"2025-11-18T16:10:27+00:00","breadcrumb":{"@id":"http:\/\/www.louisepuggaard.dk\/?page_id=109#breadcrumb"},"inLanguage":"da-DK","potentialAction":[{"@type":"ReadAction","target":["http:\/\/www.louisepuggaard.dk\/?page_id=109"]}]},{"@type":"BreadcrumbList","@id":"http:\/\/www.louisepuggaard.dk\/?page_id=109#breadcrumb","itemListElement":[{"@type":"ListItem","position":1,"name":"Hjem","item":"https:\/\/www.louisepuggaard.dk\/"},{"@type":"ListItem","position":2,"name":"Kontakt"}]},{"@type":"WebSite","@id":"https:\/\/www.louisepuggaard.dk\/#website","url":"https:\/\/www.louisepuggaard.dk\/","name":"Autoriseret psykolog, ph.d. Louise Puggaard","description":"Erhvervspsykologisk konsultation og terapi i S&oslash;borg","publisher":{"@id":"https:\/\/www.louisepuggaard.dk\/#organization"},"potentialAction":[{"@type":"SearchAction","target":{"@type":"EntryPoint","urlTemplate":"https:\/\/www.louisepuggaard.dk\/?s={search_term_string}"},"query-input":"required name=search_term_string"}],"inLanguage":"da-DK"},{"@type":"Organization","@id":"https:\/\/www.louisepuggaard.dk\/#organization","name":"Autoriseret psykolog, ph.d. Louise Puggaard","url":"https:\/\/www.louisepuggaard.dk\/","logo":{"@type":"ImageObject","inLanguage":"da-DK","@id":"https:\/\/www.louisepuggaard.dk\/#\/schema\/logo\/image\/","url":"http:\/\/www.louisepuggaard.dk\/wp-content\/uploads\/2023\/09\/cropped-cropped-Louise-foto-edited.png","contentUrl":"http:\/\/www.louisepuggaard.dk\/wp-content\/uploads\/2023\/09\/cropped-cropped-Louise-foto-edited.png","width":240,"height":306,"caption":"Autoriseret psykolog, ph.d. Louise Puggaard"},"image":{"@id":"https:\/\/www.louisepuggaard.dk\/#\/schema\/logo\/image\/"}}]}},"_links":{"self":[{"href":"http:\/\/www.louisepuggaard.dk\/index.php?rest_route=\/wp\/v2\/pages\/109"}],"collection":[{"href":"http:\/\/www.louisepuggaard.dk\/index.php?rest_route=\/wp\/v2\/pages"}],"about":[{"href":"http:\/\/www.louisepuggaard.dk\/index.php?rest_route=\/wp\/v2\/types\/page"}],"author":[{"embeddable":true,"href":"http:\/\/www.louisepuggaard.dk\/index.php?rest_route=\/wp\/v2\/users\/1"}],"replies":[{"embeddable":true,"href":"http:\/\/www.louisepuggaard.dk\/index.php?rest_route=%2Fwp%2Fv2%2Fcomments&post=109"}],"version-history":[{"count":41,"href":"http:\/\/www.louisepuggaard.dk\/index.php?rest_route=\/wp\/v2\/pages\/109\/revisions"}],"predecessor-version":[{"id":551,"href":"http:\/\/www.louisepuggaard.dk\/index.php?rest_route=\/wp\/v2\/pages\/109\/revisions\/551"}],"wp:attachment":[{"href":"http:\/\/www.louisepuggaard.dk\/index.php?rest_route=%2Fwp%2Fv2%2Fmedia&parent=109"}],"curies":[{"name":"wp","href":"https:\/\/api.w.org\/{rel}","templated":true}]}}