{"id":176,"date":"2021-02-20T16:28:07","date_gmt":"2021-02-20T16:28:07","guid":{"rendered":"http:\/\/www.louisepuggaard.dk\/?page_id=176"},"modified":"2025-11-18T15:48:27","modified_gmt":"2025-11-18T15:48:27","slug":"psykolog-louise-puggaard-2","status":"publish","type":"page","link":"http:\/\/www.louisepuggaard.dk\/","title":{"rendered":"Behov for hurtig og effektiv hj\u00e6lp?"},"content":{"rendered":"\n<p><strong>Bem\u00e6rk, at jeg pt. har 6 m\u00e5neders ventetid p\u00e5 opstart af forl\u00f8b med l\u00e6gehenvisning .<\/strong><\/p>\n\n\n\n<p>Jeg tilbyder erhvervspsykologisk konsultation og evidensbaseret terapi.  <\/p>\n\n\n\n<p>Vi bliver alle ramt af modgang, stress eller uoverskuelige situationer i arbejdsivet og i vores privatliv. Det kan virke som en uoverkommelig opgave at komme i gang med at arbejde med belastningerne og usikkerhederne, og du er m\u00e5ske lige nu ved at tage det f\u00f8rste skridt ved at unders\u00f8ge mulighederne for hj\u00e6lp. For nogle er det hj\u00e6lpsomt at tale med en professionel og f\u00e5 nye perspektiver og retning. <\/p>\n\n\n\n<p>Kontakt mig p\u00e5 sikker mail <strong>louisepuggaard@protonmail.com<\/strong><\/p>\n\n\n\n<p><\/p>\n\n\n\n<div class=\"wp-block-query is-layout-flow wp-block-query-is-layout-flow\"><ul class=\"columns-3 wp-block-post-template is-layout-grid wp-container-core-post-template-layout-1 wp-block-post-template-is-layout-grid\"><li class=\"wp-block-post post-477 post type-post status-publish format-standard hentry category-uncategorized\">\n\n<div class=\"wp-block-group is-layout-flow wp-block-group-is-layout-flow\" style=\"padding-top:30px;padding-right:30px;padding-bottom:30px;padding-left:30px\"><div class=\"wp-block-group__inner-container\"><h5 class=\"wp-block-post-title\"><a href=\"http:\/\/www.louisepuggaard.dk\/?p=477\" target=\"_self\" >Fem r\u00e5d til hvordan du som leder fastholder engagementet gennem vedvarende problemer og processer<\/a><\/h5>\n\n<div class=\"wp-block-post-excerpt\"><p class=\"wp-block-post-excerpt__excerpt\">Ledelse er en konstant rejse gennem et landskab fyldt med udfordringer eller \u2013 lad os v\u00e6re \u00e6rlige &#8211; problemer, der kan dr\u00e6ne en som leder. Der er nogle ledere, der trives med change management, menneskelige processer og l\u00f8bende organisatorisk behov. Men ikke alle. Mange af de ledere, jeg m\u00f8der i mit arbejde, k\u00f8rer surt i&hellip; <\/p><\/div>\n\n<div class=\"wp-block-post-date\"><time datetime=\"2024-01-22T20:17:28+00:00\">januar 22, 2024<\/time><\/div><\/div><\/div>\n\n<\/li><li class=\"wp-block-post post-465 post type-post status-publish format-standard hentry category-uncategorized\">\n\n<div class=\"wp-block-group is-layout-flow wp-block-group-is-layout-flow\" style=\"padding-top:30px;padding-right:30px;padding-bottom:30px;padding-left:30px\"><div class=\"wp-block-group__inner-container\"><h5 class=\"wp-block-post-title\"><a href=\"http:\/\/www.louisepuggaard.dk\/?p=465\" target=\"_self\" >Hvordan du som leder f\u00e5r mere fritid ved at g\u00f8re det vigtigste f\u00f8rst<\/a><\/h5>\n\n<div class=\"wp-block-post-excerpt\"><p class=\"wp-block-post-excerpt__excerpt\">Har du mange sene aftner, hvor du sidder og udf\u00f8rer de opgaver, der ikke var tid til p\u00e5 arbejde? Det er du ikke alene om. Du vil gerne l\u00f8se dine opgaver godt og kunne holde fri. Intentionen er der, men s\u00e5 sker der noget andet. Der var 5 m\u00f8der, 4 kundeopkald inkl. en lang samtale&hellip; <\/p><\/div>\n\n<div class=\"wp-block-post-date\"><time datetime=\"2024-01-08T19:38:26+00:00\">januar 8, 2024<\/time><\/div><\/div><\/div>\n\n<\/li><li class=\"wp-block-post post-421 post type-post status-publish format-standard hentry category-uncategorized\">\n\n<div class=\"wp-block-group is-layout-flow wp-block-group-is-layout-flow\" style=\"padding-top:30px;padding-right:30px;padding-bottom:30px;padding-left:30px\"><div class=\"wp-block-group__inner-container\"><h5 class=\"wp-block-post-title\"><a href=\"http:\/\/www.louisepuggaard.dk\/?p=421\" target=\"_self\" >Hj\u00e6lp jeg har en doven medarbejder! Eller har jeg?<\/a><\/h5>\n\n<div class=\"wp-block-post-excerpt\"><p class=\"wp-block-post-excerpt__excerpt\">Har du en dovenlars ansat?! En medarbejder, der har lav performance, der har sv\u00e6rt ved at komme i gang, er lang tid om at g\u00f8re opgaverne f\u00e6rdige, der glemmer aftaler, og hvor kollegerne m\u00e5ske begynder at pippe om, at samarbejdet er sv\u00e6rt. Du arbejder selv h\u00e5rdt, og du lever m\u00e5ske efter holdningen \u2019Get shit done!\u2019.&hellip; <\/p><\/div>\n\n<div class=\"wp-block-post-date\"><time datetime=\"2023-12-06T10:03:51+00:00\">december 6, 2023<\/time><\/div><\/div><\/div>\n\n<\/li><li class=\"wp-block-post post-358 post type-post status-publish format-standard hentry category-uncategorized\">\n\n<div class=\"wp-block-group is-layout-flow wp-block-group-is-layout-flow\" style=\"padding-top:30px;padding-right:30px;padding-bottom:30px;padding-left:30px\"><div class=\"wp-block-group__inner-container\"><h5 class=\"wp-block-post-title\"><a href=\"http:\/\/www.louisepuggaard.dk\/?p=358\" target=\"_self\" >ADHD p\u00e5 arbejdspladsen: En guide til ledere<\/a><\/h5>\n\n<div class=\"wp-block-post-excerpt\"><p class=\"wp-block-post-excerpt__excerpt\">Er du ogs\u00e5 helt blank, n\u00e5r det kommer til at hj\u00e6lpe din medarbejder, der har ADHD? S\u00e5 er du ikke alene. P\u00e5 mange arbejdspladser er der retningslinjer for inklusion, men det er de f\u00e6rreste arbejdspladser, der har viden om eller retningslinjer for, hvordan man konkret st\u00f8tter medarbejdere med ADHD. Det estimeres, at der er 1-3%&hellip; <\/p><\/div>\n\n<div class=\"wp-block-post-date\"><time datetime=\"2023-11-26T12:26:40+00:00\">november 26, 2023<\/time><\/div><\/div><\/div>\n\n<\/li><\/ul><\/div>\n","protected":false},"excerpt":{"rendered":"<p>Bem\u00e6rk, at jeg pt. har 6 m\u00e5neders ventetid p\u00e5 opstart af forl\u00f8b med l\u00e6gehenvisning . Jeg tilbyder erhvervspsykologisk konsultation og evidensbaseret terapi. Vi bliver alle ramt af modgang, stress eller uoverskuelige situationer i arbejdsivet og i vores privatliv. Det kan virke som en uoverkommelig opgave at komme i gang med at arbejde med belastningerne og &hellip; <a href=\"http:\/\/www.louisepuggaard.dk\/\" class=\"more-link\">L\u00e6s videre<span class=\"screen-reader-text\"> &#8220;Behov for hurtig og effektiv hj\u00e6lp?&#8221;<\/span><\/a><\/p>\n","protected":false},"author":1,"featured_media":0,"parent":0,"menu_order":0,"comment_status":"closed","ping_status":"closed","template":"","meta":{"footnotes":""},"yoast_head":"<!-- This site is optimized with the Yoast SEO plugin v21.5 - https:\/\/yoast.com\/wordpress\/plugins\/seo\/ -->\n<title>Behov for hurtig og effektiv hj\u00e6lp? - Autoriseret psykolog, ph.d. Louise Puggaard<\/title>\n<meta name=\"robots\" content=\"index, follow, max-snippet:-1, max-image-preview:large, max-video-preview:-1\" \/>\n<link rel=\"canonical\" href=\"https:\/\/www.louisepuggaard.dk\/\" \/>\n<meta property=\"og:locale\" content=\"da_DK\" \/>\n<meta property=\"og:type\" content=\"article\" \/>\n<meta property=\"og:title\" content=\"Behov for hurtig og effektiv hj\u00e6lp? - Autoriseret psykolog, ph.d. Louise Puggaard\" \/>\n<meta property=\"og:description\" content=\"Bem\u00e6rk, at jeg pt. har 6 m\u00e5neders ventetid p\u00e5 opstart af forl\u00f8b med l\u00e6gehenvisning . Jeg tilbyder erhvervspsykologisk konsultation og evidensbaseret terapi. Vi bliver alle ramt af modgang, stress eller uoverskuelige situationer i arbejdsivet og i vores privatliv. Det kan virke som en uoverkommelig opgave at komme i gang med at arbejde med belastningerne og &hellip; L\u00e6s videre &quot;Behov for hurtig og effektiv hj\u00e6lp?&quot;\" \/>\n<meta property=\"og:url\" content=\"https:\/\/www.louisepuggaard.dk\/\" \/>\n<meta property=\"og:site_name\" content=\"Autoriseret psykolog, ph.d. Louise Puggaard\" \/>\n<meta property=\"article:modified_time\" content=\"2025-11-18T15:48:27+00:00\" \/>\n<meta name=\"twitter:card\" content=\"summary_large_image\" \/>\n<meta name=\"twitter:label1\" content=\"Estimeret l\u00e6setid\" \/>\n\t<meta name=\"twitter:data1\" content=\"1 minut\" \/>\n<script type=\"application\/ld+json\" class=\"yoast-schema-graph\">{\"@context\":\"https:\/\/schema.org\",\"@graph\":[{\"@type\":\"WebPage\",\"@id\":\"https:\/\/www.louisepuggaard.dk\/\",\"url\":\"https:\/\/www.louisepuggaard.dk\/\",\"name\":\"Behov for hurtig og effektiv hj\u00e6lp? - Autoriseret psykolog, ph.d. Louise Puggaard\",\"isPartOf\":{\"@id\":\"https:\/\/www.louisepuggaard.dk\/#website\"},\"datePublished\":\"2021-02-20T16:28:07+00:00\",\"dateModified\":\"2025-11-18T15:48:27+00:00\",\"breadcrumb\":{\"@id\":\"https:\/\/www.louisepuggaard.dk\/#breadcrumb\"},\"inLanguage\":\"da-DK\",\"potentialAction\":[{\"@type\":\"ReadAction\",\"target\":[\"https:\/\/www.louisepuggaard.dk\/\"]}]},{\"@type\":\"BreadcrumbList\",\"@id\":\"https:\/\/www.louisepuggaard.dk\/#breadcrumb\",\"itemListElement\":[{\"@type\":\"ListItem\",\"position\":1,\"name\":\"Hjem\",\"item\":\"https:\/\/www.louisepuggaard.dk\/\"},{\"@type\":\"ListItem\",\"position\":2,\"name\":\"Behov for hurtig og effektiv hj\u00e6lp?\"}]},{\"@type\":\"WebSite\",\"@id\":\"https:\/\/www.louisepuggaard.dk\/#website\",\"url\":\"https:\/\/www.louisepuggaard.dk\/\",\"name\":\"Autoriseret psykolog, ph.d. Louise Puggaard\",\"description\":\"Erhvervspsykologisk konsultation og terapi i S&oslash;borg\",\"publisher\":{\"@id\":\"https:\/\/www.louisepuggaard.dk\/#organization\"},\"potentialAction\":[{\"@type\":\"SearchAction\",\"target\":{\"@type\":\"EntryPoint\",\"urlTemplate\":\"https:\/\/www.louisepuggaard.dk\/?s={search_term_string}\"},\"query-input\":\"required name=search_term_string\"}],\"inLanguage\":\"da-DK\"},{\"@type\":\"Organization\",\"@id\":\"https:\/\/www.louisepuggaard.dk\/#organization\",\"name\":\"Autoriseret psykolog, ph.d. Louise Puggaard\",\"url\":\"https:\/\/www.louisepuggaard.dk\/\",\"logo\":{\"@type\":\"ImageObject\",\"inLanguage\":\"da-DK\",\"@id\":\"https:\/\/www.louisepuggaard.dk\/#\/schema\/logo\/image\/\",\"url\":\"http:\/\/www.louisepuggaard.dk\/wp-content\/uploads\/2023\/09\/cropped-cropped-Louise-foto-edited.png\",\"contentUrl\":\"http:\/\/www.louisepuggaard.dk\/wp-content\/uploads\/2023\/09\/cropped-cropped-Louise-foto-edited.png\",\"width\":240,\"height\":306,\"caption\":\"Autoriseret psykolog, ph.d. Louise Puggaard\"},\"image\":{\"@id\":\"https:\/\/www.louisepuggaard.dk\/#\/schema\/logo\/image\/\"}}]}<\/script>\n<!-- \/ Yoast SEO plugin. -->","yoast_head_json":{"title":"Behov for hurtig og effektiv hj\u00e6lp? - Autoriseret psykolog, ph.d. Louise Puggaard","robots":{"index":"index","follow":"follow","max-snippet":"max-snippet:-1","max-image-preview":"max-image-preview:large","max-video-preview":"max-video-preview:-1"},"canonical":"https:\/\/www.louisepuggaard.dk\/","og_locale":"da_DK","og_type":"article","og_title":"Behov for hurtig og effektiv hj\u00e6lp? - Autoriseret psykolog, ph.d. Louise Puggaard","og_description":"Bem\u00e6rk, at jeg pt. har 6 m\u00e5neders ventetid p\u00e5 opstart af forl\u00f8b med l\u00e6gehenvisning . Jeg tilbyder erhvervspsykologisk konsultation og evidensbaseret terapi. Vi bliver alle ramt af modgang, stress eller uoverskuelige situationer i arbejdsivet og i vores privatliv. Det kan virke som en uoverkommelig opgave at komme i gang med at arbejde med belastningerne og &hellip; L\u00e6s videre \"Behov for hurtig og effektiv hj\u00e6lp?\"","og_url":"https:\/\/www.louisepuggaard.dk\/","og_site_name":"Autoriseret psykolog, ph.d. Louise Puggaard","article_modified_time":"2025-11-18T15:48:27+00:00","twitter_card":"summary_large_image","twitter_misc":{"Estimeret l\u00e6setid":"1 minut"},"schema":{"@context":"https:\/\/schema.org","@graph":[{"@type":"WebPage","@id":"https:\/\/www.louisepuggaard.dk\/","url":"https:\/\/www.louisepuggaard.dk\/","name":"Behov for hurtig og effektiv hj\u00e6lp? - Autoriseret psykolog, ph.d. Louise Puggaard","isPartOf":{"@id":"https:\/\/www.louisepuggaard.dk\/#website"},"datePublished":"2021-02-20T16:28:07+00:00","dateModified":"2025-11-18T15:48:27+00:00","breadcrumb":{"@id":"https:\/\/www.louisepuggaard.dk\/#breadcrumb"},"inLanguage":"da-DK","potentialAction":[{"@type":"ReadAction","target":["https:\/\/www.louisepuggaard.dk\/"]}]},{"@type":"BreadcrumbList","@id":"https:\/\/www.louisepuggaard.dk\/#breadcrumb","itemListElement":[{"@type":"ListItem","position":1,"name":"Hjem","item":"https:\/\/www.louisepuggaard.dk\/"},{"@type":"ListItem","position":2,"name":"Behov for hurtig og effektiv hj\u00e6lp?"}]},{"@type":"WebSite","@id":"https:\/\/www.louisepuggaard.dk\/#website","url":"https:\/\/www.louisepuggaard.dk\/","name":"Autoriseret psykolog, ph.d. Louise Puggaard","description":"Erhvervspsykologisk konsultation og terapi i S&oslash;borg","publisher":{"@id":"https:\/\/www.louisepuggaard.dk\/#organization"},"potentialAction":[{"@type":"SearchAction","target":{"@type":"EntryPoint","urlTemplate":"https:\/\/www.louisepuggaard.dk\/?s={search_term_string}"},"query-input":"required name=search_term_string"}],"inLanguage":"da-DK"},{"@type":"Organization","@id":"https:\/\/www.louisepuggaard.dk\/#organization","name":"Autoriseret psykolog, ph.d. Louise Puggaard","url":"https:\/\/www.louisepuggaard.dk\/","logo":{"@type":"ImageObject","inLanguage":"da-DK","@id":"https:\/\/www.louisepuggaard.dk\/#\/schema\/logo\/image\/","url":"http:\/\/www.louisepuggaard.dk\/wp-content\/uploads\/2023\/09\/cropped-cropped-Louise-foto-edited.png","contentUrl":"http:\/\/www.louisepuggaard.dk\/wp-content\/uploads\/2023\/09\/cropped-cropped-Louise-foto-edited.png","width":240,"height":306,"caption":"Autoriseret psykolog, ph.d. Louise Puggaard"},"image":{"@id":"https:\/\/www.louisepuggaard.dk\/#\/schema\/logo\/image\/"}}]}},"_links":{"self":[{"href":"http:\/\/www.louisepuggaard.dk\/index.php?rest_route=\/wp\/v2\/pages\/176"}],"collection":[{"href":"http:\/\/www.louisepuggaard.dk\/index.php?rest_route=\/wp\/v2\/pages"}],"about":[{"href":"http:\/\/www.louisepuggaard.dk\/index.php?rest_route=\/wp\/v2\/types\/page"}],"author":[{"embeddable":true,"href":"http:\/\/www.louisepuggaard.dk\/index.php?rest_route=\/wp\/v2\/users\/1"}],"replies":[{"embeddable":true,"href":"http:\/\/www.louisepuggaard.dk\/index.php?rest_route=%2Fwp%2Fv2%2Fcomments&post=176"}],"version-history":[{"count":31,"href":"http:\/\/www.louisepuggaard.dk\/index.php?rest_route=\/wp\/v2\/pages\/176\/revisions"}],"predecessor-version":[{"id":547,"href":"http:\/\/www.louisepuggaard.dk\/index.php?rest_route=\/wp\/v2\/pages\/176\/revisions\/547"}],"wp:attachment":[{"href":"http:\/\/www.louisepuggaard.dk\/index.php?rest_route=%2Fwp%2Fv2%2Fmedia&parent=176"}],"curies":[{"name":"wp","href":"https:\/\/api.w.org\/{rel}","templated":true}]}}