{"id":47,"date":"2020-01-26T13:26:31","date_gmt":"2020-01-26T13:26:31","guid":{"rendered":"http:\/\/www.louisepuggaard.dk\/?page_id=47"},"modified":"2025-08-31T09:30:46","modified_gmt":"2025-08-31T09:30:46","slug":"ydelser","status":"publish","type":"page","link":"http:\/\/www.louisepuggaard.dk\/?page_id=47","title":{"rendered":"Afregning"},"content":{"rendered":"\n<p>Betaling for privatbetalere sker ved bankoverf\u00f8rsel til Sydbank reg.nr. 8075 kontonr. 0001689250 eller alternativt MobilePay 680578 efter hver session. Arbejdsgiverbetaling faktures efter aftale. EAN fakturering er muligt til virksomheder. <\/p>\n\n\n\n<p>Ved udeblivelse fra aftale eller afbud efter kl 12 dagen f\u00f8r aftalen opkr\u00e6ves fuld pris uanset \u00e5rsag. Forsikringskunder faktureres efter de for forsikringsselvskabets g\u00e6ldende regler.<\/p>\n\n\n\n<p>Hvis du er medlem af Sygeforsikring Danmark, kan du f\u00e5 op til 300 kr. i tilskud pr. konsultation. Derudover&nbsp; er det muligt at f\u00e5 d\u00e6kket omkostningerne til psykologhj\u00e6lp, hvis du har en sundhedsforsikring, hvor du selv kan v\u00e6lge din behandler (Fritvalgsordning).<\/p>\n\n\n\n<p><strong>Jeg har overenskomst med sygesikringen, og jeg tager imod l\u00e6gehenvisninger, men jeg har pt. lang ventetid.<\/strong> Du kan s\u00f8ge efter en psykolog med ydernummer p\u00e5 www.sundhed.dk og www.psykologeridanmark.dk<\/p>\n\n\n\n<p><\/p>\n","protected":false},"excerpt":{"rendered":"<p>Betaling for privatbetalere sker ved bankoverf\u00f8rsel til Sydbank reg.nr. 8075 kontonr. 0001689250 eller alternativt MobilePay 680578 efter hver session. Arbejdsgiverbetaling faktures efter aftale. EAN fakturering er muligt til virksomheder. Ved udeblivelse fra aftale eller afbud efter kl 12 dagen f\u00f8r aftalen opkr\u00e6ves fuld pris uanset \u00e5rsag. Forsikringskunder faktureres efter de for forsikringsselvskabets g\u00e6ldende regler. Hvis &hellip; <a href=\"http:\/\/www.louisepuggaard.dk\/?page_id=47\" class=\"more-link\">L\u00e6s videre<span class=\"screen-reader-text\"> &#8220;Afregning&#8221;<\/span><\/a><\/p>\n","protected":false},"author":1,"featured_media":0,"parent":0,"menu_order":0,"comment_status":"closed","ping_status":"closed","template":"","meta":{"footnotes":""},"yoast_head":"<!-- This site is optimized with the Yoast SEO plugin v21.5 - https:\/\/yoast.com\/wordpress\/plugins\/seo\/ -->\n<title>Afregning - Autoriseret psykolog, ph.d. Louise Puggaard<\/title>\n<meta name=\"robots\" content=\"index, follow, max-snippet:-1, max-image-preview:large, max-video-preview:-1\" \/>\n<link rel=\"canonical\" href=\"http:\/\/www.louisepuggaard.dk\/?page_id=47\" \/>\n<meta property=\"og:locale\" content=\"da_DK\" \/>\n<meta property=\"og:type\" content=\"article\" \/>\n<meta property=\"og:title\" content=\"Afregning - Autoriseret psykolog, ph.d. Louise Puggaard\" \/>\n<meta property=\"og:description\" content=\"Betaling for privatbetalere sker ved bankoverf\u00f8rsel til Sydbank reg.nr. 8075 kontonr. 0001689250 eller alternativt MobilePay 680578 efter hver session. Arbejdsgiverbetaling faktures efter aftale. EAN fakturering er muligt til virksomheder. Ved udeblivelse fra aftale eller afbud efter kl 12 dagen f\u00f8r aftalen opkr\u00e6ves fuld pris uanset \u00e5rsag. Forsikringskunder faktureres efter de for forsikringsselvskabets g\u00e6ldende regler. Hvis &hellip; L\u00e6s videre &quot;Afregning&quot;\" \/>\n<meta property=\"og:url\" content=\"http:\/\/www.louisepuggaard.dk\/?page_id=47\" \/>\n<meta property=\"og:site_name\" content=\"Autoriseret psykolog, ph.d. Louise Puggaard\" \/>\n<meta property=\"article:modified_time\" content=\"2025-08-31T09:30:46+00:00\" \/>\n<meta name=\"twitter:card\" content=\"summary_large_image\" \/>\n<meta name=\"twitter:label1\" content=\"Estimeret l\u00e6setid\" \/>\n\t<meta name=\"twitter:data1\" content=\"1 minut\" \/>\n<script type=\"application\/ld+json\" class=\"yoast-schema-graph\">{\"@context\":\"https:\/\/schema.org\",\"@graph\":[{\"@type\":\"WebPage\",\"@id\":\"http:\/\/www.louisepuggaard.dk\/?page_id=47\",\"url\":\"http:\/\/www.louisepuggaard.dk\/?page_id=47\",\"name\":\"Afregning - Autoriseret psykolog, ph.d. Louise Puggaard\",\"isPartOf\":{\"@id\":\"https:\/\/www.louisepuggaard.dk\/#website\"},\"datePublished\":\"2020-01-26T13:26:31+00:00\",\"dateModified\":\"2025-08-31T09:30:46+00:00\",\"breadcrumb\":{\"@id\":\"http:\/\/www.louisepuggaard.dk\/?page_id=47#breadcrumb\"},\"inLanguage\":\"da-DK\",\"potentialAction\":[{\"@type\":\"ReadAction\",\"target\":[\"http:\/\/www.louisepuggaard.dk\/?page_id=47\"]}]},{\"@type\":\"BreadcrumbList\",\"@id\":\"http:\/\/www.louisepuggaard.dk\/?page_id=47#breadcrumb\",\"itemListElement\":[{\"@type\":\"ListItem\",\"position\":1,\"name\":\"Hjem\",\"item\":\"https:\/\/www.louisepuggaard.dk\/\"},{\"@type\":\"ListItem\",\"position\":2,\"name\":\"Afregning\"}]},{\"@type\":\"WebSite\",\"@id\":\"https:\/\/www.louisepuggaard.dk\/#website\",\"url\":\"https:\/\/www.louisepuggaard.dk\/\",\"name\":\"Autoriseret psykolog, ph.d. Louise Puggaard\",\"description\":\"Erhvervspsykologisk konsultation og terapi i S&oslash;borg\",\"publisher\":{\"@id\":\"https:\/\/www.louisepuggaard.dk\/#organization\"},\"potentialAction\":[{\"@type\":\"SearchAction\",\"target\":{\"@type\":\"EntryPoint\",\"urlTemplate\":\"https:\/\/www.louisepuggaard.dk\/?s={search_term_string}\"},\"query-input\":\"required name=search_term_string\"}],\"inLanguage\":\"da-DK\"},{\"@type\":\"Organization\",\"@id\":\"https:\/\/www.louisepuggaard.dk\/#organization\",\"name\":\"Autoriseret psykolog, ph.d. Louise Puggaard\",\"url\":\"https:\/\/www.louisepuggaard.dk\/\",\"logo\":{\"@type\":\"ImageObject\",\"inLanguage\":\"da-DK\",\"@id\":\"https:\/\/www.louisepuggaard.dk\/#\/schema\/logo\/image\/\",\"url\":\"http:\/\/www.louisepuggaard.dk\/wp-content\/uploads\/2023\/09\/cropped-cropped-Louise-foto-edited.png\",\"contentUrl\":\"http:\/\/www.louisepuggaard.dk\/wp-content\/uploads\/2023\/09\/cropped-cropped-Louise-foto-edited.png\",\"width\":240,\"height\":306,\"caption\":\"Autoriseret psykolog, ph.d. Louise Puggaard\"},\"image\":{\"@id\":\"https:\/\/www.louisepuggaard.dk\/#\/schema\/logo\/image\/\"}}]}<\/script>\n<!-- \/ Yoast SEO plugin. -->","yoast_head_json":{"title":"Afregning - Autoriseret psykolog, ph.d. Louise Puggaard","robots":{"index":"index","follow":"follow","max-snippet":"max-snippet:-1","max-image-preview":"max-image-preview:large","max-video-preview":"max-video-preview:-1"},"canonical":"http:\/\/www.louisepuggaard.dk\/?page_id=47","og_locale":"da_DK","og_type":"article","og_title":"Afregning - Autoriseret psykolog, ph.d. Louise Puggaard","og_description":"Betaling for privatbetalere sker ved bankoverf\u00f8rsel til Sydbank reg.nr. 8075 kontonr. 0001689250 eller alternativt MobilePay 680578 efter hver session. Arbejdsgiverbetaling faktures efter aftale. EAN fakturering er muligt til virksomheder. Ved udeblivelse fra aftale eller afbud efter kl 12 dagen f\u00f8r aftalen opkr\u00e6ves fuld pris uanset \u00e5rsag. Forsikringskunder faktureres efter de for forsikringsselvskabets g\u00e6ldende regler. Hvis &hellip; L\u00e6s videre \"Afregning\"","og_url":"http:\/\/www.louisepuggaard.dk\/?page_id=47","og_site_name":"Autoriseret psykolog, ph.d. Louise Puggaard","article_modified_time":"2025-08-31T09:30:46+00:00","twitter_card":"summary_large_image","twitter_misc":{"Estimeret l\u00e6setid":"1 minut"},"schema":{"@context":"https:\/\/schema.org","@graph":[{"@type":"WebPage","@id":"http:\/\/www.louisepuggaard.dk\/?page_id=47","url":"http:\/\/www.louisepuggaard.dk\/?page_id=47","name":"Afregning - Autoriseret psykolog, ph.d. Louise Puggaard","isPartOf":{"@id":"https:\/\/www.louisepuggaard.dk\/#website"},"datePublished":"2020-01-26T13:26:31+00:00","dateModified":"2025-08-31T09:30:46+00:00","breadcrumb":{"@id":"http:\/\/www.louisepuggaard.dk\/?page_id=47#breadcrumb"},"inLanguage":"da-DK","potentialAction":[{"@type":"ReadAction","target":["http:\/\/www.louisepuggaard.dk\/?page_id=47"]}]},{"@type":"BreadcrumbList","@id":"http:\/\/www.louisepuggaard.dk\/?page_id=47#breadcrumb","itemListElement":[{"@type":"ListItem","position":1,"name":"Hjem","item":"https:\/\/www.louisepuggaard.dk\/"},{"@type":"ListItem","position":2,"name":"Afregning"}]},{"@type":"WebSite","@id":"https:\/\/www.louisepuggaard.dk\/#website","url":"https:\/\/www.louisepuggaard.dk\/","name":"Autoriseret psykolog, ph.d. Louise Puggaard","description":"Erhvervspsykologisk konsultation og terapi i S&oslash;borg","publisher":{"@id":"https:\/\/www.louisepuggaard.dk\/#organization"},"potentialAction":[{"@type":"SearchAction","target":{"@type":"EntryPoint","urlTemplate":"https:\/\/www.louisepuggaard.dk\/?s={search_term_string}"},"query-input":"required name=search_term_string"}],"inLanguage":"da-DK"},{"@type":"Organization","@id":"https:\/\/www.louisepuggaard.dk\/#organization","name":"Autoriseret psykolog, ph.d. Louise Puggaard","url":"https:\/\/www.louisepuggaard.dk\/","logo":{"@type":"ImageObject","inLanguage":"da-DK","@id":"https:\/\/www.louisepuggaard.dk\/#\/schema\/logo\/image\/","url":"http:\/\/www.louisepuggaard.dk\/wp-content\/uploads\/2023\/09\/cropped-cropped-Louise-foto-edited.png","contentUrl":"http:\/\/www.louisepuggaard.dk\/wp-content\/uploads\/2023\/09\/cropped-cropped-Louise-foto-edited.png","width":240,"height":306,"caption":"Autoriseret psykolog, ph.d. Louise Puggaard"},"image":{"@id":"https:\/\/www.louisepuggaard.dk\/#\/schema\/logo\/image\/"}}]}},"_links":{"self":[{"href":"http:\/\/www.louisepuggaard.dk\/index.php?rest_route=\/wp\/v2\/pages\/47"}],"collection":[{"href":"http:\/\/www.louisepuggaard.dk\/index.php?rest_route=\/wp\/v2\/pages"}],"about":[{"href":"http:\/\/www.louisepuggaard.dk\/index.php?rest_route=\/wp\/v2\/types\/page"}],"author":[{"embeddable":true,"href":"http:\/\/www.louisepuggaard.dk\/index.php?rest_route=\/wp\/v2\/users\/1"}],"replies":[{"embeddable":true,"href":"http:\/\/www.louisepuggaard.dk\/index.php?rest_route=%2Fwp%2Fv2%2Fcomments&post=47"}],"version-history":[{"count":34,"href":"http:\/\/www.louisepuggaard.dk\/index.php?rest_route=\/wp\/v2\/pages\/47\/revisions"}],"predecessor-version":[{"id":531,"href":"http:\/\/www.louisepuggaard.dk\/index.php?rest_route=\/wp\/v2\/pages\/47\/revisions\/531"}],"wp:attachment":[{"href":"http:\/\/www.louisepuggaard.dk\/index.php?rest_route=%2Fwp%2Fv2%2Fmedia&parent=47"}],"curies":[{"name":"wp","href":"https:\/\/api.w.org\/{rel}","templated":true}]}}