{"id":60,"date":"2020-01-26T13:40:49","date_gmt":"2020-01-26T13:40:49","guid":{"rendered":"http:\/\/www.louisepuggaard.dk\/?page_id=60"},"modified":"2025-11-27T12:42:54","modified_gmt":"2025-11-27T12:42:54","slug":"kognitv-adfaerdsterapi-ved-autoriseret-psykolog-louise-puggaard-i-soeborg","status":"publish","type":"page","link":"http:\/\/www.louisepuggaard.dk\/?page_id=60","title":{"rendered":"Om"},"content":{"rendered":"\n<p><strong>Louise Puggaard <\/strong>Aut., Cand.psych., Ph.d., specialist i psykoterapi<\/p>\n\n\n\n<blockquote class=\"wp-block-quote\">\n<p>Jeg arbejder s\u00e5 hurtigt, jeg kan &#8211; og s\u00e5 langsomt, som det er n\u00f8dvendigt<\/p>\n<\/blockquote>\n\n\n\n<p>Jeg er psykolog med bred klinisk -, erhvervspsykologisk- og forskningsm\u00e6ssig baggrund. <\/p>\n\n\n\n<p>Jeg ser holistisk p\u00e5 dit liv og din situation og har flere indgangsvinkler p\u00e5, hvordan du kommer tilbage p\u00e5 sporet. Det er vigtigt for mig, at du hurtigst muligt genvinder kontrollen og trivsel og bliver selvhjulpen, og du vil derfor opleve, at jeg arbejder hurtigt og effektivt &#8211; men ogs\u00e5 s\u00e5 langsomt, som det er n\u00f8dvendigt i forhold til din situation.<\/p>\n\n\n\n<p><strong>Uddannelse og erfaring<\/strong><\/p>\n\n\n\n<p>Jeg er uddannet psykolog (cand.psych) fra Aarhus Universitet (2006) og er autoriseret af Dansk Psykologn\u00e6vn under Socialministeriet (klinisk psykolog). Jeg er specialistgodkendt i psykoterapi (behandling) ved Dansk Psykologforening, og  jeg er ph.d. i sundhedspsykologi fra K\u00f8benhavns Universitet.<\/p>\n\n\n\n<p>Jeg har gennem flere \u00e5r arbejdet med erhvervspsykologisk r\u00e5dgivning og samtaleterapi, og jeg har ogs\u00e5 over flere \u00e5r forsket i kognitiv adf\u00e6rdsterapi og andre interventionsformer inden for b\u00e5de sundhedspsykologi og arbejds- og organisationspsykologi. <\/p>\n\n\n\n<p>Jeg har v\u00e6ret ansat p\u00e5 Det Nationale Forskningscenter for Arbejdsmilj\u00f8 og i HR i Banedanmark. Jeg har v\u00e6ret ansat p\u00e5 flere afdelinger p\u00e5 Rigshospitalet, p\u00e5 K\u00f8benhavns Universitet og Aarhus Universitet samt i Region Hovedstadens Psykiatri.<\/p>\n\n\n\n<p><strong>Etik<\/strong><\/p>\n\n\n\n<p>Jeg arbejder som autoriseret psykolog under Psykologn\u00e6vnets regler under Socialministeriet samt de F\u00e6lles Etiske Principper For Nordiske Psykologer under Dansk Psykolog Forenings etiske regels\u00e6t.<\/p>\n\n\n\n<p><strong>Kvalitetssikring<\/strong><\/p>\n\n\n\n<p>Jeg arbejder ud fra den evidensbaserede kognitive tilgang med udgangspunkt i kognitiv adf\u00e6rdsterapi, metakognitiv terapi og compassionfokuseret terapi. Jeg er l\u00f8bende under efteruddannelse i de nyeste evidensbaserede metoder hos f\u00f8rende danske og udenlandske eksperter, og jeg arbejder altid under supervision for at kvalitetssikre mit arbejde. Jeg er endvidere kvalitetskoordinator i mit ydernummeromr\u00e5de. <\/p>\n\n\n\n<p> <\/p>\n","protected":false},"excerpt":{"rendered":"<p>Louise Puggaard Aut., Cand.psych., Ph.d., specialist i psykoterapi Jeg arbejder s\u00e5 hurtigt, jeg kan &#8211; og s\u00e5 langsomt, som det er n\u00f8dvendigt Jeg er psykolog med bred klinisk -, erhvervspsykologisk- og forskningsm\u00e6ssig baggrund. Jeg ser holistisk p\u00e5 dit liv og din situation og har flere indgangsvinkler p\u00e5, hvordan du kommer tilbage p\u00e5 sporet. Det er &hellip; <a href=\"http:\/\/www.louisepuggaard.dk\/?page_id=60\" class=\"more-link\">L\u00e6s videre<span class=\"screen-reader-text\"> &#8220;Om&#8221;<\/span><\/a><\/p>\n","protected":false},"author":1,"featured_media":0,"parent":0,"menu_order":0,"comment_status":"closed","ping_status":"closed","template":"","meta":{"footnotes":""},"yoast_head":"<!-- This site is optimized with the Yoast SEO plugin v21.5 - https:\/\/yoast.com\/wordpress\/plugins\/seo\/ -->\n<title>Om - Autoriseret psykolog, ph.d. Louise Puggaard<\/title>\n<meta name=\"description\" content=\"Louise Puggaard er autoriseret psykolog og phd i sundhedspsykologi. Louise Puggaard praktiserer kognitiv adf\u00e6rdsterapi i sin psykologklinik i S\u00f8borg ved K\u00f8benhavn. Louise Puggaard er en erfaren psykolog, der behandler stress, depression, angst, s\u00f8vnproblemer og almen psykologiske problemer. Louise Puggaard arbejder ogs\u00e5 med adf\u00e6rds\u00e6ndringer og oml\u00e6gning til sund livsstil.\" \/>\n<meta name=\"robots\" content=\"index, follow, max-snippet:-1, max-image-preview:large, max-video-preview:-1\" \/>\n<link rel=\"canonical\" href=\"http:\/\/www.louisepuggaard.dk\/?page_id=60\" \/>\n<meta property=\"og:locale\" content=\"da_DK\" \/>\n<meta property=\"og:type\" content=\"article\" \/>\n<meta property=\"og:title\" content=\"Om - Autoriseret psykolog, ph.d. Louise Puggaard\" \/>\n<meta property=\"og:description\" content=\"Louise Puggaard er autoriseret psykolog og phd i sundhedspsykologi. Louise Puggaard praktiserer kognitiv adf\u00e6rdsterapi i sin psykologklinik i S\u00f8borg ved K\u00f8benhavn. Louise Puggaard er en erfaren psykolog, der behandler stress, depression, angst, s\u00f8vnproblemer og almen psykologiske problemer. Louise Puggaard arbejder ogs\u00e5 med adf\u00e6rds\u00e6ndringer og oml\u00e6gning til sund livsstil.\" \/>\n<meta property=\"og:url\" content=\"http:\/\/www.louisepuggaard.dk\/?page_id=60\" \/>\n<meta property=\"og:site_name\" content=\"Autoriseret psykolog, ph.d. Louise Puggaard\" \/>\n<meta property=\"article:modified_time\" content=\"2025-11-27T12:42:54+00:00\" \/>\n<meta name=\"twitter:card\" content=\"summary_large_image\" \/>\n<meta name=\"twitter:label1\" content=\"Estimeret l\u00e6setid\" \/>\n\t<meta name=\"twitter:data1\" content=\"2 minutter\" \/>\n<script type=\"application\/ld+json\" class=\"yoast-schema-graph\">{\"@context\":\"https:\/\/schema.org\",\"@graph\":[{\"@type\":\"WebPage\",\"@id\":\"http:\/\/www.louisepuggaard.dk\/?page_id=60\",\"url\":\"http:\/\/www.louisepuggaard.dk\/?page_id=60\",\"name\":\"Om - Autoriseret psykolog, ph.d. Louise Puggaard\",\"isPartOf\":{\"@id\":\"https:\/\/www.louisepuggaard.dk\/#website\"},\"datePublished\":\"2020-01-26T13:40:49+00:00\",\"dateModified\":\"2025-11-27T12:42:54+00:00\",\"description\":\"Louise Puggaard er autoriseret psykolog og phd i sundhedspsykologi. Louise Puggaard praktiserer kognitiv adf\u00e6rdsterapi i sin psykologklinik i S\u00f8borg ved K\u00f8benhavn. Louise Puggaard er en erfaren psykolog, der behandler stress, depression, angst, s\u00f8vnproblemer og almen psykologiske problemer. Louise Puggaard arbejder ogs\u00e5 med adf\u00e6rds\u00e6ndringer og oml\u00e6gning til sund livsstil.\",\"breadcrumb\":{\"@id\":\"http:\/\/www.louisepuggaard.dk\/?page_id=60#breadcrumb\"},\"inLanguage\":\"da-DK\",\"potentialAction\":[{\"@type\":\"ReadAction\",\"target\":[\"http:\/\/www.louisepuggaard.dk\/?page_id=60\"]}]},{\"@type\":\"BreadcrumbList\",\"@id\":\"http:\/\/www.louisepuggaard.dk\/?page_id=60#breadcrumb\",\"itemListElement\":[{\"@type\":\"ListItem\",\"position\":1,\"name\":\"Hjem\",\"item\":\"https:\/\/www.louisepuggaard.dk\/\"},{\"@type\":\"ListItem\",\"position\":2,\"name\":\"Om\"}]},{\"@type\":\"WebSite\",\"@id\":\"https:\/\/www.louisepuggaard.dk\/#website\",\"url\":\"https:\/\/www.louisepuggaard.dk\/\",\"name\":\"Autoriseret psykolog, ph.d. Louise Puggaard\",\"description\":\"Erhvervspsykologisk konsultation og terapi i S&oslash;borg\",\"publisher\":{\"@id\":\"https:\/\/www.louisepuggaard.dk\/#organization\"},\"potentialAction\":[{\"@type\":\"SearchAction\",\"target\":{\"@type\":\"EntryPoint\",\"urlTemplate\":\"https:\/\/www.louisepuggaard.dk\/?s={search_term_string}\"},\"query-input\":\"required name=search_term_string\"}],\"inLanguage\":\"da-DK\"},{\"@type\":\"Organization\",\"@id\":\"https:\/\/www.louisepuggaard.dk\/#organization\",\"name\":\"Autoriseret psykolog, ph.d. Louise Puggaard\",\"url\":\"https:\/\/www.louisepuggaard.dk\/\",\"logo\":{\"@type\":\"ImageObject\",\"inLanguage\":\"da-DK\",\"@id\":\"https:\/\/www.louisepuggaard.dk\/#\/schema\/logo\/image\/\",\"url\":\"http:\/\/www.louisepuggaard.dk\/wp-content\/uploads\/2023\/09\/cropped-cropped-Louise-foto-edited.png\",\"contentUrl\":\"http:\/\/www.louisepuggaard.dk\/wp-content\/uploads\/2023\/09\/cropped-cropped-Louise-foto-edited.png\",\"width\":240,\"height\":306,\"caption\":\"Autoriseret psykolog, ph.d. Louise Puggaard\"},\"image\":{\"@id\":\"https:\/\/www.louisepuggaard.dk\/#\/schema\/logo\/image\/\"}}]}<\/script>\n<!-- \/ Yoast SEO plugin. -->","yoast_head_json":{"title":"Om - Autoriseret psykolog, ph.d. Louise Puggaard","description":"Louise Puggaard er autoriseret psykolog og phd i sundhedspsykologi. Louise Puggaard praktiserer kognitiv adf\u00e6rdsterapi i sin psykologklinik i S\u00f8borg ved K\u00f8benhavn. Louise Puggaard er en erfaren psykolog, der behandler stress, depression, angst, s\u00f8vnproblemer og almen psykologiske problemer. Louise Puggaard arbejder ogs\u00e5 med adf\u00e6rds\u00e6ndringer og oml\u00e6gning til sund livsstil.","robots":{"index":"index","follow":"follow","max-snippet":"max-snippet:-1","max-image-preview":"max-image-preview:large","max-video-preview":"max-video-preview:-1"},"canonical":"http:\/\/www.louisepuggaard.dk\/?page_id=60","og_locale":"da_DK","og_type":"article","og_title":"Om - Autoriseret psykolog, ph.d. Louise Puggaard","og_description":"Louise Puggaard er autoriseret psykolog og phd i sundhedspsykologi. Louise Puggaard praktiserer kognitiv adf\u00e6rdsterapi i sin psykologklinik i S\u00f8borg ved K\u00f8benhavn. Louise Puggaard er en erfaren psykolog, der behandler stress, depression, angst, s\u00f8vnproblemer og almen psykologiske problemer. Louise Puggaard arbejder ogs\u00e5 med adf\u00e6rds\u00e6ndringer og oml\u00e6gning til sund livsstil.","og_url":"http:\/\/www.louisepuggaard.dk\/?page_id=60","og_site_name":"Autoriseret psykolog, ph.d. Louise Puggaard","article_modified_time":"2025-11-27T12:42:54+00:00","twitter_card":"summary_large_image","twitter_misc":{"Estimeret l\u00e6setid":"2 minutter"},"schema":{"@context":"https:\/\/schema.org","@graph":[{"@type":"WebPage","@id":"http:\/\/www.louisepuggaard.dk\/?page_id=60","url":"http:\/\/www.louisepuggaard.dk\/?page_id=60","name":"Om - Autoriseret psykolog, ph.d. Louise Puggaard","isPartOf":{"@id":"https:\/\/www.louisepuggaard.dk\/#website"},"datePublished":"2020-01-26T13:40:49+00:00","dateModified":"2025-11-27T12:42:54+00:00","description":"Louise Puggaard er autoriseret psykolog og phd i sundhedspsykologi. Louise Puggaard praktiserer kognitiv adf\u00e6rdsterapi i sin psykologklinik i S\u00f8borg ved K\u00f8benhavn. Louise Puggaard er en erfaren psykolog, der behandler stress, depression, angst, s\u00f8vnproblemer og almen psykologiske problemer. Louise Puggaard arbejder ogs\u00e5 med adf\u00e6rds\u00e6ndringer og oml\u00e6gning til sund livsstil.","breadcrumb":{"@id":"http:\/\/www.louisepuggaard.dk\/?page_id=60#breadcrumb"},"inLanguage":"da-DK","potentialAction":[{"@type":"ReadAction","target":["http:\/\/www.louisepuggaard.dk\/?page_id=60"]}]},{"@type":"BreadcrumbList","@id":"http:\/\/www.louisepuggaard.dk\/?page_id=60#breadcrumb","itemListElement":[{"@type":"ListItem","position":1,"name":"Hjem","item":"https:\/\/www.louisepuggaard.dk\/"},{"@type":"ListItem","position":2,"name":"Om"}]},{"@type":"WebSite","@id":"https:\/\/www.louisepuggaard.dk\/#website","url":"https:\/\/www.louisepuggaard.dk\/","name":"Autoriseret psykolog, ph.d. Louise Puggaard","description":"Erhvervspsykologisk konsultation og terapi i S&oslash;borg","publisher":{"@id":"https:\/\/www.louisepuggaard.dk\/#organization"},"potentialAction":[{"@type":"SearchAction","target":{"@type":"EntryPoint","urlTemplate":"https:\/\/www.louisepuggaard.dk\/?s={search_term_string}"},"query-input":"required name=search_term_string"}],"inLanguage":"da-DK"},{"@type":"Organization","@id":"https:\/\/www.louisepuggaard.dk\/#organization","name":"Autoriseret psykolog, ph.d. Louise Puggaard","url":"https:\/\/www.louisepuggaard.dk\/","logo":{"@type":"ImageObject","inLanguage":"da-DK","@id":"https:\/\/www.louisepuggaard.dk\/#\/schema\/logo\/image\/","url":"http:\/\/www.louisepuggaard.dk\/wp-content\/uploads\/2023\/09\/cropped-cropped-Louise-foto-edited.png","contentUrl":"http:\/\/www.louisepuggaard.dk\/wp-content\/uploads\/2023\/09\/cropped-cropped-Louise-foto-edited.png","width":240,"height":306,"caption":"Autoriseret psykolog, ph.d. Louise Puggaard"},"image":{"@id":"https:\/\/www.louisepuggaard.dk\/#\/schema\/logo\/image\/"}}]}},"_links":{"self":[{"href":"http:\/\/www.louisepuggaard.dk\/index.php?rest_route=\/wp\/v2\/pages\/60"}],"collection":[{"href":"http:\/\/www.louisepuggaard.dk\/index.php?rest_route=\/wp\/v2\/pages"}],"about":[{"href":"http:\/\/www.louisepuggaard.dk\/index.php?rest_route=\/wp\/v2\/types\/page"}],"author":[{"embeddable":true,"href":"http:\/\/www.louisepuggaard.dk\/index.php?rest_route=\/wp\/v2\/users\/1"}],"replies":[{"embeddable":true,"href":"http:\/\/www.louisepuggaard.dk\/index.php?rest_route=%2Fwp%2Fv2%2Fcomments&post=60"}],"version-history":[{"count":40,"href":"http:\/\/www.louisepuggaard.dk\/index.php?rest_route=\/wp\/v2\/pages\/60\/revisions"}],"predecessor-version":[{"id":554,"href":"http:\/\/www.louisepuggaard.dk\/index.php?rest_route=\/wp\/v2\/pages\/60\/revisions\/554"}],"wp:attachment":[{"href":"http:\/\/www.louisepuggaard.dk\/index.php?rest_route=%2Fwp%2Fv2%2Fmedia&parent=60"}],"curies":[{"name":"wp","href":"https:\/\/api.w.org\/{rel}","templated":true}]}}